{"id":426,"date":"2018-05-09T08:11:31","date_gmt":"2018-05-09T06:11:31","guid":{"rendered":"http:\/\/wp.ginova.ch\/home\/"},"modified":"2026-01-07T10:15:54","modified_gmt":"2026-01-07T09:15:54","slug":"ginova-electronics-sa-electronique%c2%b7systemes%c2%b7solutions","status":"publish","type":"page","link":"https:\/\/ginova.ch\/fr\/","title":{"rendered":"Home"},"content":{"rendered":"<section class=\"l-section wpb_row us_custom_4d7430e3 height_medium\"><div class=\"l-section-h i-cf\"><div class=\"g-cols vc_row via_grid cols_1 laptops-cols_inherit tablets-cols_inherit mobiles-cols_1 valign_top type_default stacking_default\"><div class=\"wpb_column vc_column_container us_custom_d89fe7f6 us_animate_this type_sticky\"><div class=\"vc_column-inner\"><div class=\"w-separator size_custom\" style=\"height:45px\"><\/div><div class=\"wpb_text_column\"><div class=\"wpb_wrapper\"><h1 class=\"block-title\" style=\"text-align: center;\">Ginova \u00c9lectronics SA<\/h1>\n<div class=\"content clearfix\">\n<h3 style=\"text-align: center;\">\u00c9lectronique\u00b7Syst\u00e8mes\u00b7Solutions<\/h3>\n<\/div>\n<\/div><\/div><\/div><\/div><\/div><\/div><\/section><section class=\"l-section wpb_row height_medium with_img\"><div class=\"l-section-img\" role=\"img\" aria-label=\"Image\" data-img-width=\"1920\" data-img-height=\"1280\" style=\"background-image: url(https:\/\/ginova.ch\/wp-content\/uploads\/2018\/05\/bg_red-2.png);\"><\/div><div class=\"l-section-overlay\" style=\"background:rgba(104,104,104,0.01)\"><\/div><div class=\"l-section-h i-cf\"><div class=\"g-cols vc_row via_grid cols_1 laptops-cols_inherit tablets-cols_inherit mobiles-cols_1 valign_top type_default stacking_default\"><div class=\"wpb_column vc_column_container us_animate_fade\"><div class=\"vc_column-inner\"><div class=\"wpb_text_column\"><div class=\"wpb_wrapper\"><h5 style=\"text-align: center;\"><strong>Votre partenaire pour la r\u00e9solution de probl\u00e8mes dans les domaines des syst\u00e8mes software et \u00e9lectroniques<\/strong><\/h5>\n<\/div><\/div><\/div><\/div><\/div><\/div><\/section><section class=\"l-section wpb_row height_medium\"><div class=\"l-section-overlay\" style=\"background:#aaaaaa\"><\/div><div class=\"l-section-h i-cf\"><div class=\"g-cols vc_row via_grid cols_3 laptops-cols_inherit tablets-cols_inherit mobiles-cols_1 valign_top type_default stacking_default\"><div class=\"wpb_column vc_column_container us_custom_84fca978\"><div class=\"vc_column-inner\"><div class=\"w-image us_custom_91964d38 us_animate_this has_height align_none\"><a target=\"_blank\" title=\"Ginova P6 IndexLine\" href=\"https:\/\/ginova.ch\/fr\/p6-indexline\/\" aria-label=\"Webflyer\" class=\"w-image-h\"><img decoding=\"async\" width=\"318\" height=\"558\" src=\"https:\/\/ginova.ch\/wp-content\/uploads\/2025\/12\/Webflyer.jpg\" class=\"attachment-us_318_558 size-us_318_558\" alt=\"\" loading=\"lazy\" srcset=\"https:\/\/ginova.ch\/wp-content\/uploads\/2025\/12\/Webflyer.jpg 318w, https:\/\/ginova.ch\/wp-content\/uploads\/2025\/12\/Webflyer-171x300.jpg 171w\" sizes=\"auto, (max-width: 318px) 100vw, 318px\" \/><\/a><\/div><\/div><\/div><div class=\"wpb_column vc_column_container us_animate_afb\" style=\"animation-delay:0.6s\"><div class=\"vc_column-inner\"><div class=\"wpb_text_column\"><div class=\"wpb_wrapper\"><h4><span style=\"color: #ededed;\">Ginova P6 IndexLine<\/span><\/h4>\n<h6 dir=\"auto\"><span style=\"color: #ededed;\">Nettoyage de petites pi\u00e8ces \u00e0 un tout nouveau niveau<br \/>\n<\/span><em><span style=\"color: #ededed;\">&#8211;<\/span><\/em><em><span style=\"color: #ededed;\">Configurable pour chaque exigence<br \/>\n<\/span><\/em><em><span style=\"color: #ededed;\">&#8211; 7 nouvelles fonctions \u00e0 partir de 2026<br \/>\n<\/span><span style=\"color: #ededed;\">&#8211; \u00c0 tester au Ginova Cleancenter<br \/>\n<\/span><br \/>\n<\/em><\/h6>\n<\/div><\/div><\/div><\/div><div class=\"wpb_column vc_column_container\"><div class=\"vc_column-inner\"><div class=\"w-image us_custom_3e9d1bc9 us_animate_this align_center\"><div class=\"w-image-h\"><img decoding=\"async\" width=\"290\" height=\"400\" src=\"https:\/\/ginova.ch\/wp-content\/uploads\/2025\/10\/P6_Parts2Clean_web.png\" class=\"attachment-full size-full\" alt=\"\" loading=\"lazy\" srcset=\"https:\/\/ginova.ch\/wp-content\/uploads\/2025\/10\/P6_Parts2Clean_web.png 290w, https:\/\/ginova.ch\/wp-content\/uploads\/2025\/10\/P6_Parts2Clean_web-218x300.png 218w\" sizes=\"auto, (max-width: 290px) 100vw, 290px\" \/><\/div><\/div><\/div><\/div><\/div><\/div><\/section><section class=\"l-section wpb_row height_medium color_alternate\"><div class=\"l-section-overlay\" style=\"background:#e2e2e2\"><\/div><div class=\"l-section-h i-cf\"><div class=\"g-cols vc_row via_grid cols_3 laptops-cols_inherit tablets-cols_inherit mobiles-cols_1 valign_top type_default stacking_default\"><div class=\"wpb_column vc_column_container us_animate_afr\"><div class=\"vc_column-inner\"><div class=\"wpb_text_column\"><div class=\"wpb_wrapper\"><h4>\u00ab\u00a0De comp\u00e9tences professionnelles pour une solution solide.\u00a0\u00bb<\/h4>\n<\/div><\/div><\/div><\/div><div class=\"wpb_column vc_column_container\"><div class=\"vc_column-inner\"><div class=\"w-image align_center us_animate_afc\"><div class=\"w-image-h\"><img decoding=\"async\" width=\"305\" height=\"193\" src=\"https:\/\/ginova.ch\/wp-content\/uploads\/2018\/05\/kontakt3.jpg\" class=\"attachment-large size-large\" alt=\"\" loading=\"lazy\" srcset=\"https:\/\/ginova.ch\/wp-content\/uploads\/2018\/05\/kontakt3.jpg 305w, https:\/\/ginova.ch\/wp-content\/uploads\/2018\/05\/kontakt3-300x190.jpg 300w\" sizes=\"auto, (max-width: 305px) 100vw, 305px\" \/><\/div><\/div><\/div><\/div><div class=\"wpb_column vc_column_container us_animate_afl\"><div class=\"vc_column-inner\"><div class=\"wpb_text_column\"><div class=\"wpb_wrapper\"><h4>\u00ab\u00a0Nous soutenons des projets \u00e9cologiques.\u00a0\u00bb<\/h4>\n<\/div><\/div><\/div><\/div><\/div><\/div><\/section><section class=\"l-section wpb_row height_medium\"><div class=\"l-section-overlay\" style=\"background:#919191\"><\/div><div class=\"l-section-h i-cf\"><div class=\"g-cols vc_row via_grid cols_3 laptops-cols_inherit tablets-cols_inherit mobiles-cols_1 valign_top type_default stacking_default\"><div class=\"wpb_column vc_column_container\"><div class=\"vc_column-inner\"><div class=\"w-image us_custom_1fb8b2dc us_animate_this align_center\"><div class=\"w-image-h\"><img decoding=\"async\" width=\"305\" height=\"192\" src=\"https:\/\/ginova.ch\/wp-content\/uploads\/2018\/05\/entwicklung1.jpg\" class=\"attachment-full size-full\" alt=\"\" loading=\"lazy\" srcset=\"https:\/\/ginova.ch\/wp-content\/uploads\/2018\/05\/entwicklung1.jpg 305w, https:\/\/ginova.ch\/wp-content\/uploads\/2018\/05\/entwicklung1-300x189.jpg 300w\" sizes=\"auto, (max-width: 305px) 100vw, 305px\" \/><\/div><\/div><\/div><\/div><div class=\"wpb_column vc_column_container us_animate_fade\" style=\"animation-delay:0.2s\"><div class=\"vc_column-inner\"><div class=\"wpb_text_column\"><div class=\"wpb_wrapper\"><h4><span style=\"color: #f2f4f5;\">Coordination fluide entre logiciel et mat\u00e9riel, combin\u00e9e \u00e0 des solutions m\u00e9caniques ing\u00e9nieuses<\/span><\/h4>\n<\/div><\/div><\/div><\/div><div class=\"wpb_column vc_column_container\"><div class=\"vc_column-inner\"><div class=\"w-image align_center us_animate_afb\" style=\"animation-delay:0.2s\"><div class=\"w-image-h\"><img decoding=\"async\" width=\"305\" height=\"193\" src=\"https:\/\/ginova.ch\/wp-content\/uploads\/2018\/05\/uberuns1.jpg\" class=\"attachment-large size-large\" alt=\"\" loading=\"lazy\" srcset=\"https:\/\/ginova.ch\/wp-content\/uploads\/2018\/05\/uberuns1.jpg 305w, https:\/\/ginova.ch\/wp-content\/uploads\/2018\/05\/uberuns1-300x190.jpg 300w\" sizes=\"auto, (max-width: 305px) 100vw, 305px\" \/><\/div><\/div><\/div><\/div><\/div><\/div><\/section>\n","protected":false},"excerpt":{"rendered":"Ginova \u00c9lectronics SA \u00c9lectronique\u00b7Syst\u00e8mes\u00b7Solutions Votre partenaire pour la r\u00e9solution de probl\u00e8mes dans les domaines des syst\u00e8mes software et \u00e9lectroniques Ginova P6 IndexLine Nettoyage de petites pi\u00e8ces \u00e0 un tout nouveau niveau &#8211;Configurable pour chaque exigence &#8211; 7 nouvelles fonctions \u00e0 partir de 2026 &#8211; \u00c0 tester au Ginova Cleancenter \u00ab\u00a0De comp\u00e9tences professionnelles pour une solution...","protected":false},"author":1,"featured_media":0,"parent":0,"menu_order":0,"comment_status":"closed","ping_status":"closed","template":"","meta":{"footnotes":""},"class_list":["post-426","page","type-page","status-publish","hentry"],"yoast_head":"<!-- This site is optimized with the Yoast SEO plugin v25.7 - https:\/\/yoast.com\/wordpress\/plugins\/seo\/ -->\n<title>Home - Ginova AG - Systeme, Software und Elektronik<\/title>\n<meta name=\"robots\" content=\"index, follow, max-snippet:-1, max-image-preview:large, max-video-preview:-1\" \/>\n<link rel=\"canonical\" href=\"https:\/\/ginova.ch\/fr\/\" \/>\n<meta property=\"og:locale\" content=\"fr_FR\" \/>\n<meta property=\"og:type\" content=\"article\" \/>\n<meta property=\"og:title\" content=\"Home - Ginova AG - Systeme, Software und Elektronik\" \/>\n<meta property=\"og:url\" content=\"https:\/\/ginova.ch\/fr\/\" \/>\n<meta property=\"og:site_name\" content=\"Ginova AG - Systeme, Software und Elektronik\" \/>\n<meta property=\"article:modified_time\" content=\"2026-01-07T09:15:54+00:00\" \/>\n<meta name=\"twitter:card\" content=\"summary_large_image\" \/>\n<meta name=\"twitter:label1\" content=\"Dur\u00e9e de lecture estim\u00e9e\" \/>\n\t<meta name=\"twitter:data1\" content=\"1 minute\" \/>\n<script type=\"application\/ld+json\" class=\"yoast-schema-graph\">{\"@context\":\"https:\/\/schema.org\",\"@graph\":[{\"@type\":\"WebPage\",\"@id\":\"https:\/\/ginova.ch\/fr\/\",\"url\":\"https:\/\/ginova.ch\/fr\/\",\"name\":\"Home - Ginova AG - Systeme, Software und Elektronik\",\"isPartOf\":{\"@id\":\"https:\/\/ginova.ch\/#website\"},\"datePublished\":\"2018-05-09T06:11:31+00:00\",\"dateModified\":\"2026-01-07T09:15:54+00:00\",\"breadcrumb\":{\"@id\":\"https:\/\/ginova.ch\/fr\/#breadcrumb\"},\"inLanguage\":\"fr-FR\",\"potentialAction\":[{\"@type\":\"ReadAction\",\"target\":[\"https:\/\/ginova.ch\/fr\/\"]}]},{\"@type\":\"BreadcrumbList\",\"@id\":\"https:\/\/ginova.ch\/fr\/#breadcrumb\",\"itemListElement\":[{\"@type\":\"ListItem\",\"position\":1,\"name\":\"Startseite\",\"item\":\"https:\/\/ginova.ch\/fr\/\"},{\"@type\":\"ListItem\",\"position\":2,\"name\":\"Home\"}]},{\"@type\":\"WebSite\",\"@id\":\"https:\/\/ginova.ch\/#website\",\"url\":\"https:\/\/ginova.ch\/\",\"name\":\"Ginova Electronics AG - Systeme, Software und Elektronik\",\"description\":\"\",\"potentialAction\":[{\"@type\":\"SearchAction\",\"target\":{\"@type\":\"EntryPoint\",\"urlTemplate\":\"https:\/\/ginova.ch\/?s={search_term_string}\"},\"query-input\":{\"@type\":\"PropertyValueSpecification\",\"valueRequired\":true,\"valueName\":\"search_term_string\"}}],\"inLanguage\":\"fr-FR\"}]}<\/script>\n<!-- \/ Yoast SEO plugin. -->","yoast_head_json":{"title":"Home - Ginova AG - Systeme, Software und Elektronik","robots":{"index":"index","follow":"follow","max-snippet":"max-snippet:-1","max-image-preview":"max-image-preview:large","max-video-preview":"max-video-preview:-1"},"canonical":"https:\/\/ginova.ch\/fr\/","og_locale":"fr_FR","og_type":"article","og_title":"Home - Ginova AG - Systeme, Software und Elektronik","og_url":"https:\/\/ginova.ch\/fr\/","og_site_name":"Ginova AG - Systeme, Software und Elektronik","article_modified_time":"2026-01-07T09:15:54+00:00","twitter_card":"summary_large_image","twitter_misc":{"Dur\u00e9e de lecture estim\u00e9e":"1 minute"},"schema":{"@context":"https:\/\/schema.org","@graph":[{"@type":"WebPage","@id":"https:\/\/ginova.ch\/fr\/","url":"https:\/\/ginova.ch\/fr\/","name":"Home - Ginova AG - Systeme, Software und Elektronik","isPartOf":{"@id":"https:\/\/ginova.ch\/#website"},"datePublished":"2018-05-09T06:11:31+00:00","dateModified":"2026-01-07T09:15:54+00:00","breadcrumb":{"@id":"https:\/\/ginova.ch\/fr\/#breadcrumb"},"inLanguage":"fr-FR","potentialAction":[{"@type":"ReadAction","target":["https:\/\/ginova.ch\/fr\/"]}]},{"@type":"BreadcrumbList","@id":"https:\/\/ginova.ch\/fr\/#breadcrumb","itemListElement":[{"@type":"ListItem","position":1,"name":"Startseite","item":"https:\/\/ginova.ch\/fr\/"},{"@type":"ListItem","position":2,"name":"Home"}]},{"@type":"WebSite","@id":"https:\/\/ginova.ch\/#website","url":"https:\/\/ginova.ch\/","name":"Ginova Electronics AG - Systeme, Software und Elektronik","description":"","potentialAction":[{"@type":"SearchAction","target":{"@type":"EntryPoint","urlTemplate":"https:\/\/ginova.ch\/?s={search_term_string}"},"query-input":{"@type":"PropertyValueSpecification","valueRequired":true,"valueName":"search_term_string"}}],"inLanguage":"fr-FR"}]}},"_links":{"self":[{"href":"https:\/\/ginova.ch\/fr\/wp-json\/wp\/v2\/pages\/426","targetHints":{"allow":["GET"]}}],"collection":[{"href":"https:\/\/ginova.ch\/fr\/wp-json\/wp\/v2\/pages"}],"about":[{"href":"https:\/\/ginova.ch\/fr\/wp-json\/wp\/v2\/types\/page"}],"author":[{"embeddable":true,"href":"https:\/\/ginova.ch\/fr\/wp-json\/wp\/v2\/users\/1"}],"replies":[{"embeddable":true,"href":"https:\/\/ginova.ch\/fr\/wp-json\/wp\/v2\/comments?post=426"}],"version-history":[{"count":37,"href":"https:\/\/ginova.ch\/fr\/wp-json\/wp\/v2\/pages\/426\/revisions"}],"predecessor-version":[{"id":1499,"href":"https:\/\/ginova.ch\/fr\/wp-json\/wp\/v2\/pages\/426\/revisions\/1499"}],"wp:attachment":[{"href":"https:\/\/ginova.ch\/fr\/wp-json\/wp\/v2\/media?parent=426"}],"curies":[{"name":"wp","href":"https:\/\/api.w.org\/{rel}","templated":true}]}}