{"id":456,"date":"2018-05-09T08:18:26","date_gmt":"2018-05-09T06:18:26","guid":{"rendered":"http:\/\/wp.ginova.ch\/philosophie\/"},"modified":"2025-11-17T13:05:28","modified_gmt":"2025-11-17T12:05:28","slug":"notre-philosophie","status":"publish","type":"page","link":"https:\/\/ginova.ch\/fr\/notre-philosophie\/","title":{"rendered":"Notre philosophie"},"content":{"rendered":"<section class=\"l-section wpb_row height_medium full_height valign_top with_img\"><div class=\"l-section-img\" role=\"img\" aria-label=\"Image\" data-img-width=\"2211\" data-img-height=\"1468\" style=\"background-image: url(https:\/\/ginova.ch\/wp-content\/uploads\/2025\/11\/bg01.jpg);\"><\/div><div class=\"l-section-h i-cf\"><div class=\"g-cols vc_row via_grid cols_1-2 laptops-cols_inherit tablets-cols_inherit mobiles-cols_1 valign_top type_default stacking_default\"><div class=\"wpb_column vc_column_container\"><div class=\"vc_column-inner\"><div class=\"w-image align_none us_animate_afl\" style=\"animation-delay:0.2s\"><a href=\"https:\/\/ginova.ch\/fr\/\" aria-label=\"ginova_logo\" class=\"w-image-h\"><img decoding=\"async\" width=\"198\" height=\"292\" src=\"https:\/\/ginova.ch\/wp-content\/uploads\/2018\/05\/ginova_logo.png\" class=\"attachment-large size-large\" alt=\"\" loading=\"lazy\" \/><\/a><\/div><\/div><\/div><div class=\"wpb_column vc_column_container us_animate_fade\" style=\"animation-delay:0.4s\"><div class=\"vc_column-inner\"><div class=\"wpb_text_column\"><div class=\"wpb_wrapper\"><div class=\"field field-name-title field-type-ds field-label-hidden\">\n<div class=\"field-items\">\n<div class=\"field-item even\">\n<h1><span style=\"color: #ededed;\"><strong>Notre philosophie<\/strong><\/span><\/h1>\n<p><span style=\"color: #ededed;\">En qualit\u00e9 d\u2019entreprise dynamique, GINOVA SA est en mesure de fournir des r\u00e9ponses personnelles et innovantes \u00e0 la r\u00e9solution de probl\u00e8mes complexes.<\/span><\/p>\n<p><span style=\"color: #ededed;\">Relever des d\u00e9fis exigeants. Vous trouverez en nous un partenaire comp\u00e9tent avec une exp\u00e9rience de plus de 3 d\u00e9cennies et une \u00e9quipe comp\u00e9tente disposant d\u2019un savoir-faire pointu et soucieuse de la qualit\u00e9. Du d\u00e9veloppement en passant par l\u2018ex\u00e9cution jusqu\u2019au montage final, de nombreuses \u00e9tapes se d\u00e9roulent au sein de notre entreprise. Ceci garantit des temps de r\u00e9action tr\u00e8s courts et une grande flexibilit\u00e9.<\/span><\/p>\n<p><span style=\"color: #ededed;\">Une\u00a0 qualit\u00e9 constante est tr\u00e8s importante pour nous. Aussi, nous travaillons depuis de nombreuses ann\u00e9es selon les normes d\u2019exigences de qualit\u00e9 ISO 9001 et ISO 13485.<\/span><\/p>\n<p><span style=\"color: #ededed;\">Nous produisons et travaillons dans le respect de l\u2019environnement et ceci n\u2019est pas un vain mot. Nous soutenons des projets \u00e9cologiques.<\/span><\/p>\n<\/div>\n<\/div>\n<\/div>\n<\/div><\/div><\/div><\/div><\/div><\/div><\/section>\n","protected":false},"excerpt":{"rendered":"Notre philosophie En qualit\u00e9 d\u2019entreprise dynamique, GINOVA SA est en mesure de fournir des r\u00e9ponses personnelles et innovantes \u00e0 la r\u00e9solution de probl\u00e8mes complexes. Relever des d\u00e9fis exigeants. Vous trouverez en nous un partenaire comp\u00e9tent avec une exp\u00e9rience de plus de 3 d\u00e9cennies et une \u00e9quipe comp\u00e9tente disposant d\u2019un savoir-faire pointu et soucieuse de la...","protected":false},"author":1,"featured_media":0,"parent":0,"menu_order":0,"comment_status":"closed","ping_status":"closed","template":"","meta":{"footnotes":""},"class_list":["post-456","page","type-page","status-publish","hentry"],"yoast_head":"<!-- This site is optimized with the Yoast SEO plugin v25.7 - https:\/\/yoast.com\/wordpress\/plugins\/seo\/ -->\n<title>Notre philosophie - Ginova AG - Systeme, Software und Elektronik<\/title>\n<meta name=\"robots\" content=\"index, follow, max-snippet:-1, max-image-preview:large, max-video-preview:-1\" \/>\n<link rel=\"canonical\" href=\"https:\/\/ginova.ch\/fr\/notre-philosophie\/\" \/>\n<meta property=\"og:locale\" content=\"fr_FR\" \/>\n<meta property=\"og:type\" content=\"article\" \/>\n<meta property=\"og:title\" content=\"Notre philosophie - Ginova AG - Systeme, Software und Elektronik\" \/>\n<meta property=\"og:url\" content=\"https:\/\/ginova.ch\/fr\/notre-philosophie\/\" \/>\n<meta property=\"og:site_name\" content=\"Ginova AG - Systeme, Software und Elektronik\" \/>\n<meta property=\"article:modified_time\" content=\"2025-11-17T12:05:28+00:00\" \/>\n<meta name=\"twitter:card\" content=\"summary_large_image\" \/>\n<meta name=\"twitter:label1\" content=\"Dur\u00e9e de lecture estim\u00e9e\" \/>\n\t<meta name=\"twitter:data1\" content=\"1 minute\" \/>\n<script type=\"application\/ld+json\" class=\"yoast-schema-graph\">{\"@context\":\"https:\/\/schema.org\",\"@graph\":[{\"@type\":\"WebPage\",\"@id\":\"https:\/\/ginova.ch\/fr\/notre-philosophie\/\",\"url\":\"https:\/\/ginova.ch\/fr\/notre-philosophie\/\",\"name\":\"Notre philosophie - Ginova AG - Systeme, Software und Elektronik\",\"isPartOf\":{\"@id\":\"https:\/\/ginova.ch\/#website\"},\"datePublished\":\"2018-05-09T06:18:26+00:00\",\"dateModified\":\"2025-11-17T12:05:28+00:00\",\"breadcrumb\":{\"@id\":\"https:\/\/ginova.ch\/fr\/notre-philosophie\/#breadcrumb\"},\"inLanguage\":\"fr-FR\",\"potentialAction\":[{\"@type\":\"ReadAction\",\"target\":[\"https:\/\/ginova.ch\/fr\/notre-philosophie\/\"]}]},{\"@type\":\"BreadcrumbList\",\"@id\":\"https:\/\/ginova.ch\/fr\/notre-philosophie\/#breadcrumb\",\"itemListElement\":[{\"@type\":\"ListItem\",\"position\":1,\"name\":\"Startseite\",\"item\":\"https:\/\/ginova.ch\/fr\/\"},{\"@type\":\"ListItem\",\"position\":2,\"name\":\"Notre philosophie\"}]},{\"@type\":\"WebSite\",\"@id\":\"https:\/\/ginova.ch\/#website\",\"url\":\"https:\/\/ginova.ch\/\",\"name\":\"Ginova Electronics AG - Systeme, Software und Elektronik\",\"description\":\"\",\"potentialAction\":[{\"@type\":\"SearchAction\",\"target\":{\"@type\":\"EntryPoint\",\"urlTemplate\":\"https:\/\/ginova.ch\/?s={search_term_string}\"},\"query-input\":{\"@type\":\"PropertyValueSpecification\",\"valueRequired\":true,\"valueName\":\"search_term_string\"}}],\"inLanguage\":\"fr-FR\"}]}<\/script>\n<!-- \/ Yoast SEO plugin. -->","yoast_head_json":{"title":"Notre philosophie - Ginova AG - Systeme, Software und Elektronik","robots":{"index":"index","follow":"follow","max-snippet":"max-snippet:-1","max-image-preview":"max-image-preview:large","max-video-preview":"max-video-preview:-1"},"canonical":"https:\/\/ginova.ch\/fr\/notre-philosophie\/","og_locale":"fr_FR","og_type":"article","og_title":"Notre philosophie - Ginova AG - Systeme, Software und Elektronik","og_url":"https:\/\/ginova.ch\/fr\/notre-philosophie\/","og_site_name":"Ginova AG - Systeme, Software und Elektronik","article_modified_time":"2025-11-17T12:05:28+00:00","twitter_card":"summary_large_image","twitter_misc":{"Dur\u00e9e de lecture estim\u00e9e":"1 minute"},"schema":{"@context":"https:\/\/schema.org","@graph":[{"@type":"WebPage","@id":"https:\/\/ginova.ch\/fr\/notre-philosophie\/","url":"https:\/\/ginova.ch\/fr\/notre-philosophie\/","name":"Notre philosophie - Ginova AG - Systeme, Software und Elektronik","isPartOf":{"@id":"https:\/\/ginova.ch\/#website"},"datePublished":"2018-05-09T06:18:26+00:00","dateModified":"2025-11-17T12:05:28+00:00","breadcrumb":{"@id":"https:\/\/ginova.ch\/fr\/notre-philosophie\/#breadcrumb"},"inLanguage":"fr-FR","potentialAction":[{"@type":"ReadAction","target":["https:\/\/ginova.ch\/fr\/notre-philosophie\/"]}]},{"@type":"BreadcrumbList","@id":"https:\/\/ginova.ch\/fr\/notre-philosophie\/#breadcrumb","itemListElement":[{"@type":"ListItem","position":1,"name":"Startseite","item":"https:\/\/ginova.ch\/fr\/"},{"@type":"ListItem","position":2,"name":"Notre philosophie"}]},{"@type":"WebSite","@id":"https:\/\/ginova.ch\/#website","url":"https:\/\/ginova.ch\/","name":"Ginova Electronics AG - Systeme, Software und Elektronik","description":"","potentialAction":[{"@type":"SearchAction","target":{"@type":"EntryPoint","urlTemplate":"https:\/\/ginova.ch\/?s={search_term_string}"},"query-input":{"@type":"PropertyValueSpecification","valueRequired":true,"valueName":"search_term_string"}}],"inLanguage":"fr-FR"}]}},"_links":{"self":[{"href":"https:\/\/ginova.ch\/fr\/wp-json\/wp\/v2\/pages\/456","targetHints":{"allow":["GET"]}}],"collection":[{"href":"https:\/\/ginova.ch\/fr\/wp-json\/wp\/v2\/pages"}],"about":[{"href":"https:\/\/ginova.ch\/fr\/wp-json\/wp\/v2\/types\/page"}],"author":[{"embeddable":true,"href":"https:\/\/ginova.ch\/fr\/wp-json\/wp\/v2\/users\/1"}],"replies":[{"embeddable":true,"href":"https:\/\/ginova.ch\/fr\/wp-json\/wp\/v2\/comments?post=456"}],"version-history":[{"count":9,"href":"https:\/\/ginova.ch\/fr\/wp-json\/wp\/v2\/pages\/456\/revisions"}],"predecessor-version":[{"id":1332,"href":"https:\/\/ginova.ch\/fr\/wp-json\/wp\/v2\/pages\/456\/revisions\/1332"}],"wp:attachment":[{"href":"https:\/\/ginova.ch\/fr\/wp-json\/wp\/v2\/media?parent=456"}],"curies":[{"name":"wp","href":"https:\/\/api.w.org\/{rel}","templated":true}]}}