{"id":503,"date":"2018-05-09T08:24:26","date_gmt":"2018-05-09T06:24:26","guid":{"rendered":"http:\/\/wp.ginova.ch\/p6\/"},"modified":"2025-12-23T13:55:05","modified_gmt":"2025-12-23T12:55:05","slug":"p6-indexline","status":"publish","type":"page","link":"https:\/\/ginova.ch\/fr\/p6-indexline\/","title":{"rendered":"P6 IndexLine"},"content":{"rendered":"<section class=\"l-section wpb_row height_medium full_height valign_top with_img\"><div class=\"l-section-img\" role=\"img\" aria-label=\"Image\" data-img-width=\"2211\" data-img-height=\"1468\" style=\"background-image: url(https:\/\/ginova.ch\/wp-content\/uploads\/2025\/11\/bg03.jpg);\"><\/div><div class=\"l-section-h i-cf\"><div class=\"g-cols vc_row via_grid cols_custom laptops-cols_inherit tablets-cols_inherit mobiles-cols_1 valign_top type_default stacking_default\" style=\"--custom-columns:1.5fr 3fr 1.5fr \"><div class=\"wpb_column vc_column_container\"><div class=\"vc_column-inner\"><div data-us-scroll=\"{&quot;from_initial_position&quot;:&quot;0&quot;,&quot;start_position&quot;:&quot;0%&quot;,&quot;end_position&quot;:&quot;100%&quot;,&quot;delay&quot;:&quot;0.1s&quot;,&quot;opacity_direction&quot;:&quot;out-in&quot;}\" class=\"w-image has_scroll_effects has_opacity align_none\"><a target=\"_blank\" href=\"https:\/\/ginova.ch\/wp-content\/uploads\/2025\/12\/Webflyer2.jpg\" aria-label=\"Ginova P6 IndexLine\" class=\"w-image-h\"><img decoding=\"async\" width=\"318\" height=\"558\" src=\"https:\/\/ginova.ch\/wp-content\/uploads\/2025\/12\/Webflyer2.jpg\" class=\"attachment-us_318_558 size-us_318_558\" alt=\"Ginova P6 IndexLine\" loading=\"lazy\" srcset=\"https:\/\/ginova.ch\/wp-content\/uploads\/2025\/12\/Webflyer2.jpg 455w, https:\/\/ginova.ch\/wp-content\/uploads\/2025\/12\/Webflyer2-171x300.jpg 171w\" sizes=\"auto, (max-width: 318px) 100vw, 318px\" \/><\/a><\/div><\/div><\/div><div class=\"wpb_column vc_column_container us_animate_fade\" style=\"animation-delay:0.2s\"><div class=\"vc_column-inner\"><div class=\"wpb_text_column\"><div class=\"wpb_wrapper\"><div class=\"field field-name-title field-type-ds field-label-hidden\">\n<div class=\"field-items\">\n<div class=\"field-item even\">\n<h1><strong>P6 IndexLine<\/strong><\/h1>\n<\/div>\n<\/div>\n<\/div>\n<div class=\"field field-name-body field-type-text-with-summary field-label-hidden\">\n<div class=\"field-items\">\n<div class=\"field-item even\">\n<p>Equipement compact de nettoyage de pr\u00e9cision par ultrasons, s\u00e9chage \u00e0 air chaud.<\/p>\n<ul>\n<li>Programmation du cycle de lavage conviviale<\/li>\n<li>Nombre de programme 100<\/li>\n<li>Biblioth\u00e8que de cycles de lavage<\/li>\n<li>Visualisation de processus<\/li>\n<li>Enregistrement des erreurs<\/li>\n<li>Data de processus pour statistique, historique et assurance qualit\u00e9<\/li>\n<li>21 CFR part 11<\/li>\n<\/ul>\n<p dir=\"auto\">Pour un nettoyage \u00e9cologique \u00e0 base d&rsquo;eau.<\/p>\n<\/div>\n<\/div>\n<\/div>\n<\/div><\/div><div class=\"w-separator size_custom\" style=\"height:20px\"><\/div><div class=\"wpb_text_column\"><div class=\"wpb_wrapper\"><\/div><\/div><\/div><\/div><div class=\"wpb_column vc_column_container us_animate_afr\" style=\"animation-delay:0.4s\"><div class=\"vc_column-inner\"><div class=\"w-image align_none\"><div class=\"w-image-h\"><img decoding=\"async\" width=\"475\" height=\"1024\" src=\"https:\/\/ginova.ch\/wp-content\/uploads\/2022\/12\/P6_front_perspektive-475x1024.png\" class=\"attachment-large size-large\" alt=\"\" loading=\"lazy\" srcset=\"https:\/\/ginova.ch\/wp-content\/uploads\/2022\/12\/P6_front_perspektive-475x1024.png 475w, https:\/\/ginova.ch\/wp-content\/uploads\/2022\/12\/P6_front_perspektive-139x300.png 139w, https:\/\/ginova.ch\/wp-content\/uploads\/2022\/12\/P6_front_perspektive-768x1656.png 768w, https:\/\/ginova.ch\/wp-content\/uploads\/2022\/12\/P6_front_perspektive.png 1351w\" sizes=\"auto, (max-width: 475px) 100vw, 475px\" \/><\/div><\/div><div class=\"w-separator size_custom\" style=\"height:32px\"><\/div><\/div><\/div><\/div><\/div><\/section>\n","protected":false},"excerpt":{"rendered":"P6 IndexLine Equipement compact de nettoyage de pr\u00e9cision par ultrasons, s\u00e9chage \u00e0 air chaud. Programmation du cycle de lavage conviviale Nombre de programme 100 Biblioth\u00e8que de cycles de lavage Visualisation de processus Enregistrement des erreurs Data de processus pour statistique, historique et assurance qualit\u00e9 21 CFR part 11 Pour un nettoyage \u00e9cologique \u00e0 base d&rsquo;eau.","protected":false},"author":1,"featured_media":0,"parent":0,"menu_order":0,"comment_status":"closed","ping_status":"closed","template":"","meta":{"footnotes":""},"class_list":["post-503","page","type-page","status-publish","hentry"],"yoast_head":"<!-- This site is optimized with the Yoast SEO plugin v25.7 - https:\/\/yoast.com\/wordpress\/plugins\/seo\/ -->\n<title>P6 IndexLine - Ginova AG - Systeme, Software und Elektronik<\/title>\n<meta name=\"robots\" content=\"index, follow, max-snippet:-1, max-image-preview:large, max-video-preview:-1\" \/>\n<link rel=\"canonical\" href=\"https:\/\/ginova.ch\/fr\/p6-indexline\/\" \/>\n<meta property=\"og:locale\" content=\"fr_FR\" \/>\n<meta property=\"og:type\" content=\"article\" \/>\n<meta property=\"og:title\" content=\"P6 IndexLine - Ginova AG - Systeme, Software und Elektronik\" \/>\n<meta property=\"og:url\" content=\"https:\/\/ginova.ch\/fr\/p6-indexline\/\" \/>\n<meta property=\"og:site_name\" content=\"Ginova AG - Systeme, Software und Elektronik\" \/>\n<meta property=\"article:modified_time\" content=\"2025-12-23T12:55:05+00:00\" \/>\n<meta name=\"twitter:card\" content=\"summary_large_image\" \/>\n<meta name=\"twitter:label1\" content=\"Dur\u00e9e de lecture estim\u00e9e\" \/>\n\t<meta name=\"twitter:data1\" content=\"1 minute\" \/>\n<script type=\"application\/ld+json\" class=\"yoast-schema-graph\">{\"@context\":\"https:\/\/schema.org\",\"@graph\":[{\"@type\":\"WebPage\",\"@id\":\"https:\/\/ginova.ch\/fr\/p6-indexline\/\",\"url\":\"https:\/\/ginova.ch\/fr\/p6-indexline\/\",\"name\":\"P6 IndexLine - Ginova AG - Systeme, Software und Elektronik\",\"isPartOf\":{\"@id\":\"https:\/\/ginova.ch\/#website\"},\"datePublished\":\"2018-05-09T06:24:26+00:00\",\"dateModified\":\"2025-12-23T12:55:05+00:00\",\"breadcrumb\":{\"@id\":\"https:\/\/ginova.ch\/fr\/p6-indexline\/#breadcrumb\"},\"inLanguage\":\"fr-FR\",\"potentialAction\":[{\"@type\":\"ReadAction\",\"target\":[\"https:\/\/ginova.ch\/fr\/p6-indexline\/\"]}]},{\"@type\":\"BreadcrumbList\",\"@id\":\"https:\/\/ginova.ch\/fr\/p6-indexline\/#breadcrumb\",\"itemListElement\":[{\"@type\":\"ListItem\",\"position\":1,\"name\":\"Startseite\",\"item\":\"https:\/\/ginova.ch\/fr\/\"},{\"@type\":\"ListItem\",\"position\":2,\"name\":\"P6 IndexLine\"}]},{\"@type\":\"WebSite\",\"@id\":\"https:\/\/ginova.ch\/#website\",\"url\":\"https:\/\/ginova.ch\/\",\"name\":\"Ginova Electronics AG - Systeme, Software und Elektronik\",\"description\":\"\",\"potentialAction\":[{\"@type\":\"SearchAction\",\"target\":{\"@type\":\"EntryPoint\",\"urlTemplate\":\"https:\/\/ginova.ch\/?s={search_term_string}\"},\"query-input\":{\"@type\":\"PropertyValueSpecification\",\"valueRequired\":true,\"valueName\":\"search_term_string\"}}],\"inLanguage\":\"fr-FR\"}]}<\/script>\n<!-- \/ Yoast SEO plugin. -->","yoast_head_json":{"title":"P6 IndexLine - Ginova AG - Systeme, Software und Elektronik","robots":{"index":"index","follow":"follow","max-snippet":"max-snippet:-1","max-image-preview":"max-image-preview:large","max-video-preview":"max-video-preview:-1"},"canonical":"https:\/\/ginova.ch\/fr\/p6-indexline\/","og_locale":"fr_FR","og_type":"article","og_title":"P6 IndexLine - Ginova AG - Systeme, Software und Elektronik","og_url":"https:\/\/ginova.ch\/fr\/p6-indexline\/","og_site_name":"Ginova AG - Systeme, Software und Elektronik","article_modified_time":"2025-12-23T12:55:05+00:00","twitter_card":"summary_large_image","twitter_misc":{"Dur\u00e9e de lecture estim\u00e9e":"1 minute"},"schema":{"@context":"https:\/\/schema.org","@graph":[{"@type":"WebPage","@id":"https:\/\/ginova.ch\/fr\/p6-indexline\/","url":"https:\/\/ginova.ch\/fr\/p6-indexline\/","name":"P6 IndexLine - Ginova AG - Systeme, Software und Elektronik","isPartOf":{"@id":"https:\/\/ginova.ch\/#website"},"datePublished":"2018-05-09T06:24:26+00:00","dateModified":"2025-12-23T12:55:05+00:00","breadcrumb":{"@id":"https:\/\/ginova.ch\/fr\/p6-indexline\/#breadcrumb"},"inLanguage":"fr-FR","potentialAction":[{"@type":"ReadAction","target":["https:\/\/ginova.ch\/fr\/p6-indexline\/"]}]},{"@type":"BreadcrumbList","@id":"https:\/\/ginova.ch\/fr\/p6-indexline\/#breadcrumb","itemListElement":[{"@type":"ListItem","position":1,"name":"Startseite","item":"https:\/\/ginova.ch\/fr\/"},{"@type":"ListItem","position":2,"name":"P6 IndexLine"}]},{"@type":"WebSite","@id":"https:\/\/ginova.ch\/#website","url":"https:\/\/ginova.ch\/","name":"Ginova Electronics AG - Systeme, Software und Elektronik","description":"","potentialAction":[{"@type":"SearchAction","target":{"@type":"EntryPoint","urlTemplate":"https:\/\/ginova.ch\/?s={search_term_string}"},"query-input":{"@type":"PropertyValueSpecification","valueRequired":true,"valueName":"search_term_string"}}],"inLanguage":"fr-FR"}]}},"_links":{"self":[{"href":"https:\/\/ginova.ch\/fr\/wp-json\/wp\/v2\/pages\/503","targetHints":{"allow":["GET"]}}],"collection":[{"href":"https:\/\/ginova.ch\/fr\/wp-json\/wp\/v2\/pages"}],"about":[{"href":"https:\/\/ginova.ch\/fr\/wp-json\/wp\/v2\/types\/page"}],"author":[{"embeddable":true,"href":"https:\/\/ginova.ch\/fr\/wp-json\/wp\/v2\/users\/1"}],"replies":[{"embeddable":true,"href":"https:\/\/ginova.ch\/fr\/wp-json\/wp\/v2\/comments?post=503"}],"version-history":[{"count":28,"href":"https:\/\/ginova.ch\/fr\/wp-json\/wp\/v2\/pages\/503\/revisions"}],"predecessor-version":[{"id":1475,"href":"https:\/\/ginova.ch\/fr\/wp-json\/wp\/v2\/pages\/503\/revisions\/1475"}],"wp:attachment":[{"href":"https:\/\/ginova.ch\/fr\/wp-json\/wp\/v2\/media?parent=503"}],"curies":[{"name":"wp","href":"https:\/\/api.w.org\/{rel}","templated":true}]}}